{"id":7676,"date":"2023-03-22T11:46:48","date_gmt":"2023-03-22T08:46:48","guid":{"rendered":"http:\/\/haksankasa.com.tr\/?page_id=7676"},"modified":"2023-03-22T11:49:51","modified_gmt":"2023-03-22T08:49:51","slug":"urunlerimiz","status":"publish","type":"page","link":"https:\/\/haksankasa.com.tr\/?page_id=7676","title":{"rendered":"\u00dcr\u00fcnlerimiz"},"content":{"rendered":"\t\t<div data-elementor-type=\"wp-page\" data-elementor-id=\"7676\" class=\"elementor elementor-7676\">\n\t\t\t\t\t\t\t\t\t<section class=\"elementor-section elementor-top-section elementor-element elementor-element-b3fd649 elementor-section-boxed elementor-section-height-default elementor-section-height-default\" data-id=\"b3fd649\" data-element_type=\"section\" data-settings=\"{&quot;background_background&quot;:&quot;classic&quot;}\">\n\t\t\t\t\t\t<div class=\"elementor-container elementor-column-gap-extended\">\n\t\t\t\t\t<div class=\"elementor-column elementor-col-33 elementor-top-column elementor-element elementor-element-ded12f8\" data-id=\"ded12f8\" data-element_type=\"column\">\n\t\t\t<div class=\"elementor-widget-wrap elementor-element-populated\">\n\t\t\t\t\t\t\t\t<div class=\"elementor-element elementor-element-e64cdf1 elementor-widget elementor-widget-image\" data-id=\"e64cdf1\" data-element_type=\"widget\" data-widget_type=\"image.default\">\n\t\t\t\t<div class=\"elementor-widget-container\">\n\t\t\t<style>\/*! elementor - v3.11.5 - 14-03-2023 *\/\n.elementor-widget-image{text-align:center}.elementor-widget-image a{display:inline-block}.elementor-widget-image a img[src$=\".svg\"]{width:48px}.elementor-widget-image img{vertical-align:middle;display:inline-block}<\/style>\t\t\t\t\t\t\t\t\t\t\t\t<img loading=\"lazy\" decoding=\"async\" width=\"1015\" height=\"615\" src=\"https:\/\/haksankasa.com.tr\/wp-content\/uploads\/2023\/03\/kapali-frigorifik-kasa-bursa.jpg\" class=\"attachment-large size-large wp-image-7571\" alt=\"Kapal\u0131 Frigorifik Kasa\" srcset=\"https:\/\/haksankasa.com.tr\/wp-content\/uploads\/2023\/03\/kapali-frigorifik-kasa-bursa.jpg 1015w, https:\/\/haksankasa.com.tr\/wp-content\/uploads\/2023\/03\/kapali-frigorifik-kasa-bursa-300x182.jpg 300w, https:\/\/haksankasa.com.tr\/wp-content\/uploads\/2023\/03\/kapali-frigorifik-kasa-bursa-768x465.jpg 768w, https:\/\/haksankasa.com.tr\/wp-content\/uploads\/2023\/03\/kapali-frigorifik-kasa-bursa-900x545.jpg 900w\" sizes=\"auto, (max-width: 1015px) 100vw, 1015px\" \/>\t\t\t\t\t\t\t\t\t\t\t\t\t\t\t<\/div>\n\t\t\t\t<\/div>\n\t\t\t\t<div class=\"elementor-element elementor-element-69b7daa elementor-widget elementor-widget-heading\" data-id=\"69b7daa\" data-element_type=\"widget\" data-widget_type=\"heading.default\">\n\t\t\t\t<div class=\"elementor-widget-container\">\n\t\t\t<style>\/*! elementor - v3.11.5 - 14-03-2023 *\/\n.elementor-heading-title{padding:0;margin:0;line-height:1}.elementor-widget-heading .elementor-heading-title[class*=elementor-size-]>a{color:inherit;font-size:inherit;line-height:inherit}.elementor-widget-heading .elementor-heading-title.elementor-size-small{font-size:15px}.elementor-widget-heading .elementor-heading-title.elementor-size-medium{font-size:19px}.elementor-widget-heading .elementor-heading-title.elementor-size-large{font-size:29px}.elementor-widget-heading .elementor-heading-title.elementor-size-xl{font-size:39px}.elementor-widget-heading .elementor-heading-title.elementor-size-xxl{font-size:59px}<\/style><h1 class=\"elementor-heading-title elementor-size-default\">Kapal\u0131 Fiber ve Frigorifik Kasa<\/h1>\t\t<\/div>\n\t\t\t\t<\/div>\n\t\t\t\t<div class=\"elementor-element elementor-element-126e393 elementor-widget elementor-widget-text-editor\" data-id=\"126e393\" data-element_type=\"widget\" data-widget_type=\"text-editor.default\">\n\t\t\t\t<div class=\"elementor-widget-container\">\n\t\t\t<style>\/*! elementor - v3.11.5 - 14-03-2023 *\/\n.elementor-widget-text-editor.elementor-drop-cap-view-stacked .elementor-drop-cap{background-color:#818a91;color:#fff}.elementor-widget-text-editor.elementor-drop-cap-view-framed .elementor-drop-cap{color:#818a91;border:3px solid;background-color:transparent}.elementor-widget-text-editor:not(.elementor-drop-cap-view-default) .elementor-drop-cap{margin-top:8px}.elementor-widget-text-editor:not(.elementor-drop-cap-view-default) .elementor-drop-cap-letter{width:1em;height:1em}.elementor-widget-text-editor .elementor-drop-cap{float:left;text-align:center;line-height:1;font-size:50px}.elementor-widget-text-editor .elementor-drop-cap-letter{display:inline-block}<\/style>\t\t\t\t<p><a href=\"http:\/\/haksankasa.com.tr\/?page_id=2\">\u0130NCELEMEK \u0130\u00c7\u0130N TIKLAYINIZ &gt;<\/a><\/p>\n\t\t\t\t\t\t<\/div>\n\t\t\t\t<\/div>\n\t\t\t\t\t<\/div>\n\t\t<\/div>\n\t\t\t\t<div class=\"elementor-column elementor-col-33 elementor-top-column elementor-element elementor-element-61e2c83\" data-id=\"61e2c83\" data-element_type=\"column\">\n\t\t\t<div class=\"elementor-widget-wrap elementor-element-populated\">\n\t\t\t\t\t\t\t\t<div class=\"elementor-element elementor-element-26ec08a elementor-widget elementor-widget-image\" data-id=\"26ec08a\" data-element_type=\"widget\" data-widget_type=\"image.default\">\n\t\t\t\t<div class=\"elementor-widget-container\">\n\t\t\t\t\t\t\t\t\t\t\t\t\t\t\t<img loading=\"lazy\" decoding=\"async\" width=\"1015\" height=\"615\" src=\"https:\/\/haksankasa.com.tr\/wp-content\/uploads\/2023\/03\/kapali-galvaniz-sac-kasa-bursa.jpg\" class=\"attachment-large size-large wp-image-7572\" alt=\"Kapal\u0131 Galvaniz Sac Kasa\" srcset=\"https:\/\/haksankasa.com.tr\/wp-content\/uploads\/2023\/03\/kapali-galvaniz-sac-kasa-bursa.jpg 1015w, https:\/\/haksankasa.com.tr\/wp-content\/uploads\/2023\/03\/kapali-galvaniz-sac-kasa-bursa-300x182.jpg 300w, https:\/\/haksankasa.com.tr\/wp-content\/uploads\/2023\/03\/kapali-galvaniz-sac-kasa-bursa-768x465.jpg 768w, https:\/\/haksankasa.com.tr\/wp-content\/uploads\/2023\/03\/kapali-galvaniz-sac-kasa-bursa-900x545.jpg 900w\" sizes=\"auto, (max-width: 1015px) 100vw, 1015px\" \/>\t\t\t\t\t\t\t\t\t\t\t\t\t\t\t<\/div>\n\t\t\t\t<\/div>\n\t\t\t\t<div class=\"elementor-element elementor-element-5546702 elementor-widget elementor-widget-heading\" data-id=\"5546702\" data-element_type=\"widget\" data-widget_type=\"heading.default\">\n\t\t\t\t<div class=\"elementor-widget-container\">\n\t\t\t<h1 class=\"elementor-heading-title elementor-size-default\">Kapal\u0131 Galvanizli Sac Kasa<\/h1>\t\t<\/div>\n\t\t\t\t<\/div>\n\t\t\t\t<div class=\"elementor-element elementor-element-b576cf8 elementor-widget elementor-widget-text-editor\" data-id=\"b576cf8\" data-element_type=\"widget\" data-widget_type=\"text-editor.default\">\n\t\t\t\t<div class=\"elementor-widget-container\">\n\t\t\t\t\t\t\t<p><a href=\"http:\/\/haksankasa.com.tr\/?page_id=7347\">\u0130NCELEMEK \u0130\u00c7\u0130N TIKLAYINIZ &gt;<\/a><\/p>\n\t\t\t\t\t\t<\/div>\n\t\t\t\t<\/div>\n\t\t\t\t\t<\/div>\n\t\t<\/div>\n\t\t\t\t<div class=\"elementor-column elementor-col-33 elementor-top-column elementor-element elementor-element-af10ec9\" data-id=\"af10ec9\" data-element_type=\"column\">\n\t\t\t<div class=\"elementor-widget-wrap elementor-element-populated\">\n\t\t\t\t\t\t\t\t<div class=\"elementor-element elementor-element-53bedc9 elementor-widget elementor-widget-image\" data-id=\"53bedc9\" data-element_type=\"widget\" data-widget_type=\"image.default\">\n\t\t\t\t<div class=\"elementor-widget-container\">\n\t\t\t\t\t\t\t\t\t\t\t\t\t\t\t<img loading=\"lazy\" decoding=\"async\" width=\"1015\" height=\"615\" src=\"https:\/\/haksankasa.com.tr\/wp-content\/uploads\/2023\/03\/kayar-tenteli-kasa-bursa.jpg\" class=\"attachment-large size-large wp-image-7573\" alt=\"Kayar Tenteli Kasa\" srcset=\"https:\/\/haksankasa.com.tr\/wp-content\/uploads\/2023\/03\/kayar-tenteli-kasa-bursa.jpg 1015w, https:\/\/haksankasa.com.tr\/wp-content\/uploads\/2023\/03\/kayar-tenteli-kasa-bursa-300x182.jpg 300w, https:\/\/haksankasa.com.tr\/wp-content\/uploads\/2023\/03\/kayar-tenteli-kasa-bursa-768x465.jpg 768w, https:\/\/haksankasa.com.tr\/wp-content\/uploads\/2023\/03\/kayar-tenteli-kasa-bursa-900x545.jpg 900w\" sizes=\"auto, (max-width: 1015px) 100vw, 1015px\" \/>\t\t\t\t\t\t\t\t\t\t\t\t\t\t\t<\/div>\n\t\t\t\t<\/div>\n\t\t\t\t<div class=\"elementor-element elementor-element-b045225 elementor-widget elementor-widget-heading\" data-id=\"b045225\" data-element_type=\"widget\" data-widget_type=\"heading.default\">\n\t\t\t\t<div class=\"elementor-widget-container\">\n\t\t\t<h1 class=\"elementor-heading-title elementor-size-default\">Kayar Tenteli Kasa<\/h1>\t\t<\/div>\n\t\t\t\t<\/div>\n\t\t\t\t<div class=\"elementor-element elementor-element-d68ec22 elementor-widget elementor-widget-text-editor\" data-id=\"d68ec22\" data-element_type=\"widget\" data-widget_type=\"text-editor.default\">\n\t\t\t\t<div class=\"elementor-widget-container\">\n\t\t\t\t\t\t\t<p><a href=\"http:\/\/haksankasa.com.tr\/?page_id=7393\">\u0130NCELEMEK \u0130\u00c7\u0130N TIKLAYINIZ &gt;<\/a><\/p>\n\t\t\t\t\t\t<\/div>\n\t\t\t\t<\/div>\n\t\t\t\t\t<\/div>\n\t\t<\/div>\n\t\t\t\t\t\t\t<\/div>\n\t\t<\/section>\n\t\t\t\t<section class=\"elementor-section elementor-top-section elementor-element elementor-element-315bda0 elementor-section-boxed elementor-section-height-default elementor-section-height-default\" data-id=\"315bda0\" data-element_type=\"section\" data-settings=\"{&quot;background_background&quot;:&quot;classic&quot;}\">\n\t\t\t\t\t\t<div class=\"elementor-container elementor-column-gap-extended\">\n\t\t\t\t\t<div class=\"elementor-column elementor-col-33 elementor-top-column elementor-element elementor-element-72e0914\" data-id=\"72e0914\" data-element_type=\"column\">\n\t\t\t<div class=\"elementor-widget-wrap elementor-element-populated\">\n\t\t\t\t\t\t\t\t<div class=\"elementor-element elementor-element-718b3a6 elementor-widget elementor-widget-image\" data-id=\"718b3a6\" data-element_type=\"widget\" data-widget_type=\"image.default\">\n\t\t\t\t<div class=\"elementor-widget-container\">\n\t\t\t\t\t\t\t\t\t\t\t\t\t\t\t<img loading=\"lazy\" decoding=\"async\" width=\"1015\" height=\"615\" src=\"https:\/\/haksankasa.com.tr\/wp-content\/uploads\/2023\/03\/acik-galvaniz-sac-kasa-bursa.jpg\" class=\"attachment-large size-large wp-image-7570\" alt=\"A\u00e7\u0131k Galvaniz Sac Kasa\" srcset=\"https:\/\/haksankasa.com.tr\/wp-content\/uploads\/2023\/03\/acik-galvaniz-sac-kasa-bursa.jpg 1015w, https:\/\/haksankasa.com.tr\/wp-content\/uploads\/2023\/03\/acik-galvaniz-sac-kasa-bursa-300x182.jpg 300w, https:\/\/haksankasa.com.tr\/wp-content\/uploads\/2023\/03\/acik-galvaniz-sac-kasa-bursa-768x465.jpg 768w, https:\/\/haksankasa.com.tr\/wp-content\/uploads\/2023\/03\/acik-galvaniz-sac-kasa-bursa-900x545.jpg 900w\" sizes=\"auto, (max-width: 1015px) 100vw, 1015px\" \/>\t\t\t\t\t\t\t\t\t\t\t\t\t\t\t<\/div>\n\t\t\t\t<\/div>\n\t\t\t\t<div class=\"elementor-element elementor-element-b0ea816 elementor-widget elementor-widget-heading\" data-id=\"b0ea816\" data-element_type=\"widget\" data-widget_type=\"heading.default\">\n\t\t\t\t<div class=\"elementor-widget-container\">\n\t\t\t<h1 class=\"elementor-heading-title elementor-size-default\">A\u00e7\u0131k Galvanizli Sac Kasa<\/h1>\t\t<\/div>\n\t\t\t\t<\/div>\n\t\t\t\t<div class=\"elementor-element elementor-element-6998975 elementor-widget elementor-widget-text-editor\" data-id=\"6998975\" data-element_type=\"widget\" data-widget_type=\"text-editor.default\">\n\t\t\t\t<div class=\"elementor-widget-container\">\n\t\t\t\t\t\t\t<p><a href=\"http:\/\/haksankasa.com.tr\/?page_id=7440\">\u0130NCELEMEK \u0130\u00c7\u0130N TIKLAYINIZ &gt;<\/a><\/p>\n\t\t\t\t\t\t<\/div>\n\t\t\t\t<\/div>\n\t\t\t\t\t<\/div>\n\t\t<\/div>\n\t\t\t\t<div class=\"elementor-column elementor-col-33 elementor-top-column elementor-element elementor-element-c5d76a3\" data-id=\"c5d76a3\" data-element_type=\"column\">\n\t\t\t<div class=\"elementor-widget-wrap elementor-element-populated\">\n\t\t\t\t\t\t\t\t<div class=\"elementor-element elementor-element-429f85d elementor-widget elementor-widget-image\" data-id=\"429f85d\" data-element_type=\"widget\" data-widget_type=\"image.default\">\n\t\t\t\t<div class=\"elementor-widget-container\">\n\t\t\t\t\t\t\t\t\t\t\t\t\t\t\t<img loading=\"lazy\" decoding=\"async\" width=\"1015\" height=\"615\" src=\"https:\/\/haksankasa.com.tr\/wp-content\/uploads\/2023\/03\/ozel-amacli-kasalar-bursa.jpg\" class=\"attachment-large size-large wp-image-7574\" alt=\"\u00d6zel Ama\u00e7l\u0131 Kasalar\" srcset=\"https:\/\/haksankasa.com.tr\/wp-content\/uploads\/2023\/03\/ozel-amacli-kasalar-bursa.jpg 1015w, https:\/\/haksankasa.com.tr\/wp-content\/uploads\/2023\/03\/ozel-amacli-kasalar-bursa-300x182.jpg 300w, https:\/\/haksankasa.com.tr\/wp-content\/uploads\/2023\/03\/ozel-amacli-kasalar-bursa-768x465.jpg 768w, https:\/\/haksankasa.com.tr\/wp-content\/uploads\/2023\/03\/ozel-amacli-kasalar-bursa-900x545.jpg 900w\" sizes=\"auto, (max-width: 1015px) 100vw, 1015px\" \/>\t\t\t\t\t\t\t\t\t\t\t\t\t\t\t<\/div>\n\t\t\t\t<\/div>\n\t\t\t\t<div class=\"elementor-element elementor-element-f64576e elementor-widget elementor-widget-heading\" data-id=\"f64576e\" data-element_type=\"widget\" data-widget_type=\"heading.default\">\n\t\t\t\t<div class=\"elementor-widget-container\">\n\t\t\t<h1 class=\"elementor-heading-title elementor-size-default\">\u00d6zel Ama\u00e7l\u0131 Kasalar<\/h1>\t\t<\/div>\n\t\t\t\t<\/div>\n\t\t\t\t<div class=\"elementor-element elementor-element-8a58287 elementor-widget elementor-widget-text-editor\" data-id=\"8a58287\" data-element_type=\"widget\" data-widget_type=\"text-editor.default\">\n\t\t\t\t<div class=\"elementor-widget-container\">\n\t\t\t\t\t\t\t<p><a href=\"http:\/\/haksankasa.com.tr\/?page_id=7482\">\u0130NCELEMEK \u0130\u00c7\u0130N TIKLAYINIZ &gt;<\/a><\/p>\n\t\t\t\t\t\t<\/div>\n\t\t\t\t<\/div>\n\t\t\t\t\t<\/div>\n\t\t<\/div>\n\t\t\t\t<div class=\"elementor-column elementor-col-33 elementor-top-column elementor-element elementor-element-157052d\" data-id=\"157052d\" data-element_type=\"column\">\n\t\t\t<div class=\"elementor-widget-wrap elementor-element-populated\">\n\t\t\t\t\t\t\t\t<div class=\"elementor-element elementor-element-47b803b elementor-widget elementor-widget-image\" data-id=\"47b803b\" data-element_type=\"widget\" data-widget_type=\"image.default\">\n\t\t\t\t<div class=\"elementor-widget-container\">\n\t\t\t\t\t\t\t\t\t\t\t\t\t\t\t<img loading=\"lazy\" decoding=\"async\" width=\"1015\" height=\"615\" src=\"https:\/\/haksankasa.com.tr\/wp-content\/uploads\/2023\/03\/panelvan-ic-izolasyon-bursa.jpg\" class=\"attachment-large size-large wp-image-7575\" alt=\"Panelvan \u0130\u00e7 \u0130zolasyon\" srcset=\"https:\/\/haksankasa.com.tr\/wp-content\/uploads\/2023\/03\/panelvan-ic-izolasyon-bursa.jpg 1015w, https:\/\/haksankasa.com.tr\/wp-content\/uploads\/2023\/03\/panelvan-ic-izolasyon-bursa-300x182.jpg 300w, https:\/\/haksankasa.com.tr\/wp-content\/uploads\/2023\/03\/panelvan-ic-izolasyon-bursa-768x465.jpg 768w, https:\/\/haksankasa.com.tr\/wp-content\/uploads\/2023\/03\/panelvan-ic-izolasyon-bursa-900x545.jpg 900w\" sizes=\"auto, (max-width: 1015px) 100vw, 1015px\" \/>\t\t\t\t\t\t\t\t\t\t\t\t\t\t\t<\/div>\n\t\t\t\t<\/div>\n\t\t\t\t<div class=\"elementor-element elementor-element-d0e3b90 elementor-widget elementor-widget-heading\" data-id=\"d0e3b90\" data-element_type=\"widget\" data-widget_type=\"heading.default\">\n\t\t\t\t<div class=\"elementor-widget-container\">\n\t\t\t<h1 class=\"elementor-heading-title elementor-size-default\">Panelvan \u0130\u00e7 \u0130zolasyon<\/h1>\t\t<\/div>\n\t\t\t\t<\/div>\n\t\t\t\t<div class=\"elementor-element elementor-element-c954bab elementor-widget elementor-widget-text-editor\" data-id=\"c954bab\" data-element_type=\"widget\" data-widget_type=\"text-editor.default\">\n\t\t\t\t<div class=\"elementor-widget-container\">\n\t\t\t\t\t\t\t<p><a href=\"http:\/\/haksankasa.com.tr\/?page_id=7579\">\u0130NCELEMEK \u0130\u00c7\u0130N TIKLAYINIZ &gt;<\/a><\/p>\n\t\t\t\t\t\t<\/div>\n\t\t\t\t<\/div>\n\t\t\t\t\t<\/div>\n\t\t<\/div>\n\t\t\t\t\t\t\t<\/div>\n\t\t<\/section>\n\t\t\t\t\t\t\t<\/div>\n\t\t","protected":false},"excerpt":{"rendered":"<p>Kapal\u0131 Fiber ve Frigorifik Kasa \u0130NCELEMEK \u0130\u00c7\u0130N TIKLAYINIZ &gt; Kapal\u0131 Galvanizli Sac Kasa \u0130NCELEMEK \u0130\u00c7\u0130N TIKLAYINIZ &gt; Kayar Tenteli Kasa \u0130NCELEMEK \u0130\u00c7\u0130N TIKLAYINIZ &gt; A\u00e7\u0131k Galvanizli Sac Kasa \u0130NCELEMEK \u0130\u00c7\u0130N TIKLAYINIZ &gt; \u00d6zel Ama\u00e7l\u0131 Kasalar \u0130NCELEMEK \u0130\u00c7\u0130N TIKLAYINIZ &gt; Panelvan \u0130\u00e7 \u0130zolasyon \u0130NCELEMEK \u0130\u00c7\u0130N TIKLAYINIZ &gt;<\/p>\n","protected":false},"author":2,"featured_media":0,"parent":0,"menu_order":0,"comment_status":"closed","ping_status":"closed","template":"","meta":{"footnotes":""},"class_list":["post-7676","page","type-page","status-publish","hentry"],"_links":{"self":[{"href":"https:\/\/haksankasa.com.tr\/index.php?rest_route=\/wp\/v2\/pages\/7676","targetHints":{"allow":["GET"]}}],"collection":[{"href":"https:\/\/haksankasa.com.tr\/index.php?rest_route=\/wp\/v2\/pages"}],"about":[{"href":"https:\/\/haksankasa.com.tr\/index.php?rest_route=\/wp\/v2\/types\/page"}],"author":[{"embeddable":true,"href":"https:\/\/haksankasa.com.tr\/index.php?rest_route=\/wp\/v2\/users\/2"}],"replies":[{"embeddable":true,"href":"https:\/\/haksankasa.com.tr\/index.php?rest_route=%2Fwp%2Fv2%2Fcomments&post=7676"}],"version-history":[{"count":5,"href":"https:\/\/haksankasa.com.tr\/index.php?rest_route=\/wp\/v2\/pages\/7676\/revisions"}],"predecessor-version":[{"id":7684,"href":"https:\/\/haksankasa.com.tr\/index.php?rest_route=\/wp\/v2\/pages\/7676\/revisions\/7684"}],"wp:attachment":[{"href":"https:\/\/haksankasa.com.tr\/index.php?rest_route=%2Fwp%2Fv2%2Fmedia&parent=7676"}],"curies":[{"name":"wp","href":"https:\/\/api.w.org\/{rel}","templated":true}]}}