{"id":1142,"date":"2017-02-08T07:01:55","date_gmt":"2017-02-08T04:01:55","guid":{"rendered":"http:\/\/consulting.stylemixthemes.com\/demo\/?page_id=1142"},"modified":"2023-03-22T13:47:31","modified_gmt":"2023-03-22T10:47:31","slug":"hakkimizda","status":"publish","type":"page","link":"https:\/\/haksankasa.com.tr\/?page_id=1142","title":{"rendered":"Hakk\u0131m\u0131zda"},"content":{"rendered":"\t\t<div data-elementor-type=\"wp-page\" data-elementor-id=\"1142\" class=\"elementor elementor-1142\">\n\t\t\t\t\t\t\t\t\t<section class=\"elementor-section elementor-top-section elementor-element elementor-element-d91df82 elementor-section-boxed elementor-section-height-default elementor-section-height-default\" data-id=\"d91df82\" data-element_type=\"section\">\n\t\t\t\t\t\t<div class=\"elementor-container elementor-column-gap-default\">\n\t\t\t\t\t<div class=\"elementor-column elementor-col-100 elementor-top-column elementor-element elementor-element-0d52ab3\" data-id=\"0d52ab3\" data-element_type=\"column\">\n\t\t\t<div class=\"elementor-widget-wrap elementor-element-populated\">\n\t\t\t\t\t\t\t\t<div class=\"elementor-element elementor-element-0736047 elementor-widget elementor-widget-heading\" data-id=\"0736047\" data-element_type=\"widget\" data-widget_type=\"heading.default\">\n\t\t\t\t<div class=\"elementor-widget-container\">\n\t\t\t<style>\/*! elementor - v3.11.5 - 14-03-2023 *\/\n.elementor-heading-title{padding:0;margin:0;line-height:1}.elementor-widget-heading .elementor-heading-title[class*=elementor-size-]>a{color:inherit;font-size:inherit;line-height:inherit}.elementor-widget-heading .elementor-heading-title.elementor-size-small{font-size:15px}.elementor-widget-heading .elementor-heading-title.elementor-size-medium{font-size:19px}.elementor-widget-heading .elementor-heading-title.elementor-size-large{font-size:29px}.elementor-widget-heading .elementor-heading-title.elementor-size-xl{font-size:39px}.elementor-widget-heading .elementor-heading-title.elementor-size-xxl{font-size:59px}<\/style><h2 class=\"elementor-heading-title elementor-size-default\">Haksan Kasa & Karoser Sanayi<\/h2>\t\t<\/div>\n\t\t\t\t<\/div>\n\t\t\t\t\t<\/div>\n\t\t<\/div>\n\t\t\t\t\t\t\t<\/div>\n\t\t<\/section>\n\t\t\t\t<section class=\"elementor-section elementor-top-section elementor-element elementor-element-3c63df9 elementor-section-boxed elementor-section-height-default elementor-section-height-default\" data-id=\"3c63df9\" data-element_type=\"section\" data-settings=\"{&quot;background_background&quot;:&quot;classic&quot;}\">\n\t\t\t\t\t\t<div class=\"elementor-container elementor-column-gap-default\">\n\t\t\t\t\t<div class=\"elementor-column elementor-col-58 elementor-top-column elementor-element elementor-element-3c64308\" data-id=\"3c64308\" data-element_type=\"column\">\n\t\t\t<div class=\"elementor-widget-wrap elementor-element-populated\">\n\t\t\t\t\t\t\t\t<div class=\"elementor-element elementor-element-3c648b1 elementor-widget elementor-widget-text-editor\" data-id=\"3c648b1\" data-element_type=\"widget\" data-widget_type=\"text-editor.default\">\n\t\t\t\t<div class=\"elementor-widget-container\">\n\t\t\t<style>\/*! elementor - v3.11.5 - 14-03-2023 *\/\n.elementor-widget-text-editor.elementor-drop-cap-view-stacked .elementor-drop-cap{background-color:#818a91;color:#fff}.elementor-widget-text-editor.elementor-drop-cap-view-framed .elementor-drop-cap{color:#818a91;border:3px solid;background-color:transparent}.elementor-widget-text-editor:not(.elementor-drop-cap-view-default) .elementor-drop-cap{margin-top:8px}.elementor-widget-text-editor:not(.elementor-drop-cap-view-default) .elementor-drop-cap-letter{width:1em;height:1em}.elementor-widget-text-editor .elementor-drop-cap{float:left;text-align:center;line-height:1;font-size:50px}.elementor-widget-text-editor .elementor-drop-cap-letter{display:inline-block}<\/style>\t\t\t\t<p><strong>N.H.HAKSAN i\u015f hayat\u0131na 1972 y\u0131l\u0131nda 200 m2 kapal\u0131 alanda karoseri at\u00f6lyesi olarak ba\u015flam\u0131\u015ft\u0131r.<\/strong><\/p>\n<p>Ge\u00e7en s\u00fcre\u00e7 i\u00e7erisinde, \u00e7a\u011f\u0131n bilgi ve gereklerini b\u00fcnyesinde empoze ederek b\u00fcy\u00fcyen firmam\u0131z 1991 y\u0131l\u0131nda 3000m2 kapal\u0131 alana sahip olan, konusunda hem yurt i\u00e7inde hem de yurt d\u0131\u015f\u0131nda s\u00f6z sahibi haline gelmi\u015ftir.<\/p>\n<p>Firmam\u0131z b\u00fcnyesinde bulunan m\u00fchendis ve teknisyenlerimiz, d\u00fcnya genelindeki geli\u015fmeleri takip ederek, i\u015fimiz ile ilgili olanlar\u0131 b\u00fcnyemizde uygulamaya almaktad\u0131r.<\/p>\n<p>B\u00fcg\u00fcn ge\u00e7mi\u015f y\u0131llar\u0131n denetimi, teknolojideki geli\u015fmeler, uzmanlan\u015fm\u0131\u015f kadro ve bu kadroya zaman i\u00e7inde eklenen aileden yeti\u015fen m\u00fchendislerin ise kat\u0131l\u0131m\u0131 ile sizlere en g\u00fcvenli ve kaliteli hizmeti vermeye \u00e7al\u0131\u015fmaktay\u0131z. \u0130\u015fimizin sadece d\u0131\u015f g\u00f6r\u00fcn\u00fc\u015f ve kullan\u0131m kolayl\u0131\u011f\u0131 sa\u011flamak de\u011fil, en \u00f6nemlisi can g\u00fcvenli\u011fi a\u00e7\u0131s\u0131nda yeterli olmas\u0131 gere\u011finin bilinci i\u00e7indeyiz. Ge\u00e7en otuz be\u015f y\u0131l\u0131 a\u015fk\u0131n s\u00fcrede T\u00fcrkiye&#8217;nin d\u00f6rt bir yan\u0131nda dola\u015fmakta olan \u00fcr\u00fcnlerimizin her y\u00f6nden arkas\u0131nda olmaya devam ediyoruz. \u0130\u015fimizin sat\u0131\u015fla bitti\u011fini asla d\u00fc\u015f\u00fcnmedik. \u0130malat kadar sat\u0131\u015f sonras\u0131 hizmete de \u00f6nem verdik.<\/p>\n\t\t\t\t\t\t<\/div>\n\t\t\t\t<\/div>\n\t\t\t\t\t<\/div>\n\t\t<\/div>\n\t\t\t\t<div class=\"elementor-column elementor-col-41 elementor-top-column elementor-element elementor-element-3c64d70\" data-id=\"3c64d70\" data-element_type=\"column\">\n\t\t\t<div class=\"elementor-widget-wrap elementor-element-populated\">\n\t\t\t\t\t\t\t\t<div class=\"elementor-element elementor-element-ac2c439 elementor-widget elementor-widget-image\" data-id=\"ac2c439\" data-element_type=\"widget\" data-widget_type=\"image.default\">\n\t\t\t\t<div class=\"elementor-widget-container\">\n\t\t\t<style>\/*! elementor - v3.11.5 - 14-03-2023 *\/\n.elementor-widget-image{text-align:center}.elementor-widget-image a{display:inline-block}.elementor-widget-image a img[src$=\".svg\"]{width:48px}.elementor-widget-image img{vertical-align:middle;display:inline-block}<\/style>\t\t\t\t\t\t\t\t\t\t\t\t<img decoding=\"async\" src=\"https:\/\/haksankasa.com.tr\/wp-content\/uploads\/2023\/03\/haksan-kasa.jpg\" title=\"haksan-kasa\" alt=\"haksan-kasa\" loading=\"lazy\" \/>\t\t\t\t\t\t\t\t\t\t\t\t\t\t\t<\/div>\n\t\t\t\t<\/div>\n\t\t\t\t\t<\/div>\n\t\t<\/div>\n\t\t\t\t\t\t\t<\/div>\n\t\t<\/section>\n\t\t\t\t<section class=\"elementor-section elementor-top-section elementor-element elementor-element-3c672a0 about-bg-right elementor-section-boxed elementor-section-height-default elementor-section-height-default\" data-id=\"3c672a0\" data-element_type=\"section\" data-settings=\"{&quot;background_background&quot;:&quot;classic&quot;}\">\n\t\t\t\t\t\t<div class=\"elementor-container elementor-column-gap-default\">\n\t\t\t\t\t<div class=\"elementor-column elementor-col-50 elementor-top-column elementor-element elementor-element-3c67796\" data-id=\"3c67796\" data-element_type=\"column\">\n\t\t\t<div class=\"elementor-widget-wrap elementor-element-populated\">\n\t\t\t\t\t\t\t\t<div class=\"elementor-element elementor-element-8a0f234 elementor-widget elementor-widget-heading\" data-id=\"8a0f234\" data-element_type=\"widget\" data-widget_type=\"heading.default\">\n\t\t\t\t<div class=\"elementor-widget-container\">\n\t\t\t<h3 class=\"elementor-heading-title elementor-size-default\">Vizyonumuz<\/h3>\t\t<\/div>\n\t\t\t\t<\/div>\n\t\t\t\t<div class=\"elementor-element elementor-element-5228e32 elementor-widget elementor-widget-text-editor\" data-id=\"5228e32\" data-element_type=\"widget\" data-widget_type=\"text-editor.default\">\n\t\t\t\t<div class=\"elementor-widget-container\">\n\t\t\t\t\t\t\t<p>M\u00fc\u015fterilerimizin, ortaklar\u0131m\u0131z\u0131n, \u00e7al\u0131\u015fanlar\u0131m\u0131z\u0131n, yan sanayimizin ve i\u00e7inde ya\u015fad\u0131\u011f\u0131m\u0131z ve \u00e7al\u0131\u015ft\u0131\u011f\u0131m\u0131z toplumun takdirlerini kazanarak yapt\u0131\u011f\u0131m\u0131z i\u015fleri en iyi \u015fekilde ger\u00e7ekle\u015ftirmek.<\/p>\n\t\t\t\t\t\t<\/div>\n\t\t\t\t<\/div>\n\t\t\t\t\t<\/div>\n\t\t<\/div>\n\t\t\t\t<div class=\"elementor-column elementor-col-50 elementor-top-column elementor-element elementor-element-b324ce9\" data-id=\"b324ce9\" data-element_type=\"column\">\n\t\t\t<div class=\"elementor-widget-wrap elementor-element-populated\">\n\t\t\t\t\t\t\t\t<div class=\"elementor-element elementor-element-6de5917 elementor-widget elementor-widget-heading\" data-id=\"6de5917\" data-element_type=\"widget\" data-widget_type=\"heading.default\">\n\t\t\t\t<div class=\"elementor-widget-container\">\n\t\t\t<h3 class=\"elementor-heading-title elementor-size-default\">Misyonumuz<\/h3>\t\t<\/div>\n\t\t\t\t<\/div>\n\t\t\t\t<div class=\"elementor-element elementor-element-45411bb elementor-widget elementor-widget-text-editor\" data-id=\"45411bb\" data-element_type=\"widget\" data-widget_type=\"text-editor.default\">\n\t\t\t\t<div class=\"elementor-widget-container\">\n\t\t\t\t\t\t\t<p>Misyonumuz, ekip bilinci ile, insan onur ve \u00f6nemini her \u015feyin \u00f6n\u00fcnde tutarak toplam kalitemizi geli\u015ftirmektir.<\/p>\n\t\t\t\t\t\t<\/div>\n\t\t\t\t<\/div>\n\t\t\t\t\t<\/div>\n\t\t<\/div>\n\t\t\t\t\t\t\t<\/div>\n\t\t<\/section>\n\t\t\t\t\t\t\t<\/div>\n\t\t","protected":false},"excerpt":{"rendered":"<p>Haksan Kasa &#038; Karoser Sanayi N.H.HAKSAN i\u015f hayat\u0131na 1972 y\u0131l\u0131nda 200 m2 kapal\u0131 alanda karoseri at\u00f6lyesi olarak ba\u015flam\u0131\u015ft\u0131r. Ge\u00e7en s\u00fcre\u00e7 i\u00e7erisinde, \u00e7a\u011f\u0131n bilgi ve gereklerini b\u00fcnyesinde empoze ederek b\u00fcy\u00fcyen firmam\u0131z 1991 y\u0131l\u0131nda 3000m2 kapal\u0131 alana sahip olan, konusunda hem yurt i\u00e7inde hem de yurt d\u0131\u015f\u0131nda s\u00f6z sahibi haline gelmi\u015ftir. Firmam\u0131z b\u00fcnyesinde bulunan m\u00fchendis ve teknisyenlerimiz,<\/p>\n","protected":false},"author":2,"featured_media":0,"parent":0,"menu_order":0,"comment_status":"closed","ping_status":"closed","template":"","meta":{"footnotes":""},"class_list":["post-1142","page","type-page","status-publish","hentry"],"_links":{"self":[{"href":"https:\/\/haksankasa.com.tr\/index.php?rest_route=\/wp\/v2\/pages\/1142","targetHints":{"allow":["GET"]}}],"collection":[{"href":"https:\/\/haksankasa.com.tr\/index.php?rest_route=\/wp\/v2\/pages"}],"about":[{"href":"https:\/\/haksankasa.com.tr\/index.php?rest_route=\/wp\/v2\/types\/page"}],"author":[{"embeddable":true,"href":"https:\/\/haksankasa.com.tr\/index.php?rest_route=\/wp\/v2\/users\/2"}],"replies":[{"embeddable":true,"href":"https:\/\/haksankasa.com.tr\/index.php?rest_route=%2Fwp%2Fv2%2Fcomments&post=1142"}],"version-history":[{"count":23,"href":"https:\/\/haksankasa.com.tr\/index.php?rest_route=\/wp\/v2\/pages\/1142\/revisions"}],"predecessor-version":[{"id":7746,"href":"https:\/\/haksankasa.com.tr\/index.php?rest_route=\/wp\/v2\/pages\/1142\/revisions\/7746"}],"wp:attachment":[{"href":"https:\/\/haksankasa.com.tr\/index.php?rest_route=%2Fwp%2Fv2%2Fmedia&parent=1142"}],"curies":[{"name":"wp","href":"https:\/\/api.w.org\/{rel}","templated":true}]}}